{"id":847,"date":"2024-01-25T19:08:35","date_gmt":"2024-01-25T19:08:35","guid":{"rendered":"https:\/\/mustveepuukool.ee\/?post_type=product&#038;p=847"},"modified":"2026-01-19T16:51:08","modified_gmt":"2026-01-19T16:51:08","slug":"euonymus-fortunei-harlequin","status":"publish","type":"product","link":"https:\/\/mustveepuukool.ee\/et\/shop\/taimed\/ilupoosad\/kikkapuu\/euonymus-fortunei-harlequin\/","title":{"rendered":"Euonymus fortunei  &#8216;Harlequin&#8217;"},"content":{"rendered":"<p>Igihaljas, laiuv madalakasvuline dekoratiivp\u00f5\u00f5sas, mis sobib suurep\u00e4raselt madalate hekkide kasvatamiseks.<\/p>","protected":false},"excerpt":{"rendered":"<p>Fortune&#8217;i kikkapuu<br \/>\u2191 30cm <br \/>\u2194 50cm <br \/>\u25d1\u3007 <br \/>\ua564 mai-juuni <br \/>&#8212; 29\u00b0C (5 tsoon)<\/p>","protected":false},"featured_media":848,"template":"","meta":[],"product_brand":[],"product_cat":[211],"product_tag":[],"class_list":{"0":"post-847","1":"product","2":"type-product","3":"status-publish","4":"has-post-thumbnail","6":"product_cat-kikkapuu","7":"pa_suurus-3l-pott","9":"first","10":"outofstock","11":"shipping-taxable","12":"purchasable","13":"product-type-variable","14":"has-default-attributes"},"jetpack_sharing_enabled":true,"_links":{"self":[{"href":"https:\/\/mustveepuukool.ee\/et\/wp-json\/wp\/v2\/product\/847","targetHints":{"allow":["GET"]}}],"collection":[{"href":"https:\/\/mustveepuukool.ee\/et\/wp-json\/wp\/v2\/product"}],"about":[{"href":"https:\/\/mustveepuukool.ee\/et\/wp-json\/wp\/v2\/types\/product"}],"version-history":[{"count":1,"href":"https:\/\/mustveepuukool.ee\/et\/wp-json\/wp\/v2\/product\/847\/revisions"}],"predecessor-version":[{"id":4602,"href":"https:\/\/mustveepuukool.ee\/et\/wp-json\/wp\/v2\/product\/847\/revisions\/4602"}],"wp:featuredmedia":[{"embeddable":true,"href":"https:\/\/mustveepuukool.ee\/et\/wp-json\/wp\/v2\/media\/848"}],"wp:attachment":[{"href":"https:\/\/mustveepuukool.ee\/et\/wp-json\/wp\/v2\/media?parent=847"}],"wp:term":[{"taxonomy":"product_brand","embeddable":true,"href":"https:\/\/mustveepuukool.ee\/et\/wp-json\/wp\/v2\/product_brand?post=847"},{"taxonomy":"product_cat","embeddable":true,"href":"https:\/\/mustveepuukool.ee\/et\/wp-json\/wp\/v2\/product_cat?post=847"},{"taxonomy":"product_tag","embeddable":true,"href":"https:\/\/mustveepuukool.ee\/et\/wp-json\/wp\/v2\/product_tag?post=847"}],"curies":[{"name":"wp","href":"https:\/\/api.w.org\/{rel}","templated":true}]}}