{"id":856,"date":"2024-01-26T08:12:17","date_gmt":"2024-01-26T08:12:17","guid":{"rendered":"https:\/\/mustveepuukool.ee\/?post_type=product&#038;p=856"},"modified":"2026-03-24T10:07:24","modified_gmt":"2026-03-24T10:07:24","slug":"larix-kaempferi-jaapani-lehis","status":"publish","type":"product","link":"https:\/\/mustveepuukool.ee\/et\/shop\/taimed\/okaspuud\/larix-kaempferi-jaapani-lehis\/","title":{"rendered":"Larix kaempferi"},"content":{"rendered":"<p>Sinakasroheliste saledate, pehmete okastega kuni 30 m k\u00f5rgune koonilise v\u00f5raga heitlehine okaspuu. S\u00fcgistoon on kollane.<\/p>","protected":false},"excerpt":{"rendered":"<p>Jaapani lehis<br \/>\u219130 m \u219410m <br \/>\u25d1\u3007 <br \/>&#8212; 29\u00b0C (5 tsoon)<\/p>","protected":false},"featured_media":859,"template":"","meta":[],"product_brand":[],"product_cat":[25],"product_tag":[],"class_list":{"0":"post-856","1":"product","2":"type-product","3":"status-publish","4":"has-post-thumbnail","6":"product_cat-okaspuud","7":"pa_suurus-1l-pott","9":"first","10":"instock","11":"shipping-taxable","12":"purchasable","13":"product-type-variable","14":"has-default-attributes"},"jetpack_sharing_enabled":true,"_links":{"self":[{"href":"https:\/\/mustveepuukool.ee\/et\/wp-json\/wp\/v2\/product\/856","targetHints":{"allow":["GET"]}}],"collection":[{"href":"https:\/\/mustveepuukool.ee\/et\/wp-json\/wp\/v2\/product"}],"about":[{"href":"https:\/\/mustveepuukool.ee\/et\/wp-json\/wp\/v2\/types\/product"}],"version-history":[{"count":1,"href":"https:\/\/mustveepuukool.ee\/et\/wp-json\/wp\/v2\/product\/856\/revisions"}],"predecessor-version":[{"id":4068,"href":"https:\/\/mustveepuukool.ee\/et\/wp-json\/wp\/v2\/product\/856\/revisions\/4068"}],"wp:featuredmedia":[{"embeddable":true,"href":"https:\/\/mustveepuukool.ee\/et\/wp-json\/wp\/v2\/media\/859"}],"wp:attachment":[{"href":"https:\/\/mustveepuukool.ee\/et\/wp-json\/wp\/v2\/media?parent=856"}],"wp:term":[{"taxonomy":"product_brand","embeddable":true,"href":"https:\/\/mustveepuukool.ee\/et\/wp-json\/wp\/v2\/product_brand?post=856"},{"taxonomy":"product_cat","embeddable":true,"href":"https:\/\/mustveepuukool.ee\/et\/wp-json\/wp\/v2\/product_cat?post=856"},{"taxonomy":"product_tag","embeddable":true,"href":"https:\/\/mustveepuukool.ee\/et\/wp-json\/wp\/v2\/product_tag?post=856"}],"curies":[{"name":"wp","href":"https:\/\/api.w.org\/{rel}","templated":true}]}}