{"id":8613,"date":"2025-03-23T09:10:43","date_gmt":"2025-03-23T09:10:43","guid":{"rendered":"https:\/\/mustveepuukool.ee\/?post_type=product&#038;p=8613"},"modified":"2026-05-05T08:25:01","modified_gmt":"2026-05-05T08:25:01","slug":"hosta-white-feather","status":"publish","type":"product","link":"https:\/\/mustveepuukool.ee\/et\/shop\/taimed\/pusikud\/hostad\/hosta-white-feather\/","title":{"rendered":"Hosta &#8216;White Feather&#8217;"},"content":{"rendered":"<p>Pilgup\u00fc\u00fcdja! T\u00e4rkavad lehed valged, hiljem triibulised valge-rohelised. \u00d5ied lavendliv\u00e4rvilised. Hea pinnakatja, kui on vaja suuremaid pindasid katma. Dekoratiivne l\u00e4bi hooaja. V\u00e4hen\u00f5udlik.<\/p>","protected":false},"excerpt":{"rendered":"<p>Hosta 'Valge sulg'<br \/>\u2191 30-50 cm <br \/>\u2194 60-70 cm\u00a0<br \/>\u25cf\u25d1<br \/>\ua564 juuli-august<br \/>-29\u00b0C (5 tsoon)<\/p>","protected":false},"featured_media":8614,"template":"","meta":[],"product_brand":[],"product_cat":[141],"product_tag":[],"class_list":{"0":"post-8613","1":"product","2":"type-product","3":"status-publish","4":"has-post-thumbnail","6":"product_cat-hostad","7":"pa_suurus-11cm-pot","9":"first","10":"instock","11":"shipping-taxable","12":"purchasable","13":"product-type-variable","14":"has-default-attributes"},"jetpack_sharing_enabled":true,"_links":{"self":[{"href":"https:\/\/mustveepuukool.ee\/et\/wp-json\/wp\/v2\/product\/8613","targetHints":{"allow":["GET"]}}],"collection":[{"href":"https:\/\/mustveepuukool.ee\/et\/wp-json\/wp\/v2\/product"}],"about":[{"href":"https:\/\/mustveepuukool.ee\/et\/wp-json\/wp\/v2\/types\/product"}],"version-history":[{"count":2,"href":"https:\/\/mustveepuukool.ee\/et\/wp-json\/wp\/v2\/product\/8613\/revisions"}],"predecessor-version":[{"id":8617,"href":"https:\/\/mustveepuukool.ee\/et\/wp-json\/wp\/v2\/product\/8613\/revisions\/8617"}],"wp:featuredmedia":[{"embeddable":true,"href":"https:\/\/mustveepuukool.ee\/et\/wp-json\/wp\/v2\/media\/8614"}],"wp:attachment":[{"href":"https:\/\/mustveepuukool.ee\/et\/wp-json\/wp\/v2\/media?parent=8613"}],"wp:term":[{"taxonomy":"product_brand","embeddable":true,"href":"https:\/\/mustveepuukool.ee\/et\/wp-json\/wp\/v2\/product_brand?post=8613"},{"taxonomy":"product_cat","embeddable":true,"href":"https:\/\/mustveepuukool.ee\/et\/wp-json\/wp\/v2\/product_cat?post=8613"},{"taxonomy":"product_tag","embeddable":true,"href":"https:\/\/mustveepuukool.ee\/et\/wp-json\/wp\/v2\/product_tag?post=8613"}],"curies":[{"name":"wp","href":"https:\/\/api.w.org\/{rel}","templated":true}]}}