{"id":8639,"date":"2025-03-23T20:21:41","date_gmt":"2025-03-23T20:21:41","guid":{"rendered":"https:\/\/mustveepuukool.ee\/?post_type=product&#038;p=8639"},"modified":"2026-01-21T14:41:56","modified_gmt":"2026-01-21T14:41:56","slug":"lamium-maculatum-pink-pewter","status":"publish","type":"product","link":"https:\/\/mustveepuukool.ee\/et\/shop\/taimed\/pusikud\/muud-pusikud\/lamium-maculatum-pink-pewter\/","title":{"rendered":"Lamium maculatum &#8216;Pink Pewter&#8217;"},"content":{"rendered":"<p>Pinnakatja. \u00d5ied on heleroosad. Lehed on h\u00f5bedased. Dekoratiivne l\u00e4bi hooaja. V\u00e4hen\u00f5udlik.<\/p>","protected":false},"excerpt":{"rendered":"<p>T\u00e4piline imin\u00f5ges<br \/>\u219110-15 cm \u00f5iega 20 cm<br \/>\u25d1\u3007<br \/>\ua564 mai-juuni\u00a0<br \/>&#8212; 29\u00b0C (5 tsoon)<\/p>","protected":false},"featured_media":8640,"template":"","meta":[],"product_brand":[],"product_cat":[111],"product_tag":[],"class_list":{"0":"post-8639","1":"product","2":"type-product","3":"status-publish","4":"has-post-thumbnail","6":"product_cat-muud-pusikud","7":"pa_suurus-9cm-pott","9":"first","10":"outofstock","11":"shipping-taxable","12":"purchasable","13":"product-type-variable","14":"has-default-attributes"},"jetpack_sharing_enabled":true,"_links":{"self":[{"href":"https:\/\/mustveepuukool.ee\/et\/wp-json\/wp\/v2\/product\/8639","targetHints":{"allow":["GET"]}}],"collection":[{"href":"https:\/\/mustveepuukool.ee\/et\/wp-json\/wp\/v2\/product"}],"about":[{"href":"https:\/\/mustveepuukool.ee\/et\/wp-json\/wp\/v2\/types\/product"}],"version-history":[{"count":2,"href":"https:\/\/mustveepuukool.ee\/et\/wp-json\/wp\/v2\/product\/8639\/revisions"}],"predecessor-version":[{"id":8643,"href":"https:\/\/mustveepuukool.ee\/et\/wp-json\/wp\/v2\/product\/8639\/revisions\/8643"}],"wp:featuredmedia":[{"embeddable":true,"href":"https:\/\/mustveepuukool.ee\/et\/wp-json\/wp\/v2\/media\/8640"}],"wp:attachment":[{"href":"https:\/\/mustveepuukool.ee\/et\/wp-json\/wp\/v2\/media?parent=8639"}],"wp:term":[{"taxonomy":"product_brand","embeddable":true,"href":"https:\/\/mustveepuukool.ee\/et\/wp-json\/wp\/v2\/product_brand?post=8639"},{"taxonomy":"product_cat","embeddable":true,"href":"https:\/\/mustveepuukool.ee\/et\/wp-json\/wp\/v2\/product_cat?post=8639"},{"taxonomy":"product_tag","embeddable":true,"href":"https:\/\/mustveepuukool.ee\/et\/wp-json\/wp\/v2\/product_tag?post=8639"}],"curies":[{"name":"wp","href":"https:\/\/api.w.org\/{rel}","templated":true}]}}