{"id":882,"date":"2024-01-29T13:58:32","date_gmt":"2024-01-29T13:58:32","guid":{"rendered":"https:\/\/mustveepuukool.ee\/?post_type=product&#038;p=882"},"modified":"2026-04-21T12:06:17","modified_gmt":"2026-04-21T12:06:17","slug":"juniperus-squamata-holger","status":"publish","type":"product","link":"https:\/\/mustveepuukool.ee\/et\/shop\/taimed\/okaspuud\/juniperus-squamata-holger\/","title":{"rendered":"Juniperus squamata  &#8216;Holger&#8217;"},"content":{"rendered":"<p>Kevadel efektselt kahev\u00e4rviline, noored v\u00e4\u00e4velkollased v\u00f5rsed moodustavad tugeva kontrasti vanade metallsiniste okastega.<\/p>","protected":false},"excerpt":{"rendered":"<p>Kirju kadakas<br \/>\u2191 80cm <br \/>\u2194 150cm<br \/>\u25d1\u3007 <br \/>&#8212; 29\u00b0C (5 tsoon)<\/p>","protected":false},"featured_media":883,"template":"","meta":[],"product_brand":[],"product_cat":[23,25],"product_tag":[],"class_list":{"0":"post-882","1":"product","2":"type-product","3":"status-publish","4":"has-post-thumbnail","6":"product_cat-taimed","7":"product_cat-okaspuud","8":"pa_suurus-15cm-pott","10":"first","11":"instock","12":"shipping-taxable","13":"purchasable","14":"product-type-variable","15":"has-default-attributes"},"jetpack_sharing_enabled":true,"_links":{"self":[{"href":"https:\/\/mustveepuukool.ee\/et\/wp-json\/wp\/v2\/product\/882","targetHints":{"allow":["GET"]}}],"collection":[{"href":"https:\/\/mustveepuukool.ee\/et\/wp-json\/wp\/v2\/product"}],"about":[{"href":"https:\/\/mustveepuukool.ee\/et\/wp-json\/wp\/v2\/types\/product"}],"version-history":[{"count":1,"href":"https:\/\/mustveepuukool.ee\/et\/wp-json\/wp\/v2\/product\/882\/revisions"}],"predecessor-version":[{"id":4443,"href":"https:\/\/mustveepuukool.ee\/et\/wp-json\/wp\/v2\/product\/882\/revisions\/4443"}],"wp:featuredmedia":[{"embeddable":true,"href":"https:\/\/mustveepuukool.ee\/et\/wp-json\/wp\/v2\/media\/883"}],"wp:attachment":[{"href":"https:\/\/mustveepuukool.ee\/et\/wp-json\/wp\/v2\/media?parent=882"}],"wp:term":[{"taxonomy":"product_brand","embeddable":true,"href":"https:\/\/mustveepuukool.ee\/et\/wp-json\/wp\/v2\/product_brand?post=882"},{"taxonomy":"product_cat","embeddable":true,"href":"https:\/\/mustveepuukool.ee\/et\/wp-json\/wp\/v2\/product_cat?post=882"},{"taxonomy":"product_tag","embeddable":true,"href":"https:\/\/mustveepuukool.ee\/et\/wp-json\/wp\/v2\/product_tag?post=882"}],"curies":[{"name":"wp","href":"https:\/\/api.w.org\/{rel}","templated":true}]}}