{"id":888,"date":"2024-01-29T14:26:51","date_gmt":"2024-01-29T14:26:51","guid":{"rendered":"https:\/\/mustveepuukool.ee\/?post_type=product&#038;p=888"},"modified":"2026-04-24T15:27:21","modified_gmt":"2026-04-24T15:27:21","slug":"thuja-occidentalis-brabant","status":"publish","type":"product","link":"https:\/\/mustveepuukool.ee\/et\/shop\/taimed\/okaspuud\/thuja-occidentalis-brabant\/","title":{"rendered":"Thuja occidentalis &#8216;Brabant&#8217;"},"content":{"rendered":"<p>Kiirekasvuline erkroheline koonusjas-p\u00fcramiidjas sort. Sobib eriti h\u00e4sti p\u00fcgatud hekiks 2-3 tk\/jm.<\/p>","protected":false},"excerpt":{"rendered":"<p>Harilik elupuu<br \/>\u2191 15-20 m <br \/>\u2194 3-4 m <br \/>\u25d1\u3007 <br \/>&#8212; 29\u00b0C (5 tsoon)<\/p>","protected":false},"featured_media":890,"template":"","meta":[],"product_brand":[],"product_cat":[23,25],"product_tag":[],"class_list":{"0":"post-888","1":"product","2":"type-product","3":"status-publish","4":"has-post-thumbnail","6":"product_cat-taimed","7":"product_cat-okaspuud","8":"pa_suurus-1m","9":"pa_suurus-30-cm","10":"pa_suurus-1-12-m","11":"pa_suurus-14-175-m","12":"pa_suurus-18-2-m","14":"first","15":"instock","16":"shipping-taxable","17":"purchasable","18":"product-type-variable","19":"has-default-attributes"},"jetpack_sharing_enabled":true,"_links":{"self":[{"href":"https:\/\/mustveepuukool.ee\/et\/wp-json\/wp\/v2\/product\/888","targetHints":{"allow":["GET"]}}],"collection":[{"href":"https:\/\/mustveepuukool.ee\/et\/wp-json\/wp\/v2\/product"}],"about":[{"href":"https:\/\/mustveepuukool.ee\/et\/wp-json\/wp\/v2\/types\/product"}],"version-history":[{"count":2,"href":"https:\/\/mustveepuukool.ee\/et\/wp-json\/wp\/v2\/product\/888\/revisions"}],"predecessor-version":[{"id":8623,"href":"https:\/\/mustveepuukool.ee\/et\/wp-json\/wp\/v2\/product\/888\/revisions\/8623"}],"wp:featuredmedia":[{"embeddable":true,"href":"https:\/\/mustveepuukool.ee\/et\/wp-json\/wp\/v2\/media\/890"}],"wp:attachment":[{"href":"https:\/\/mustveepuukool.ee\/et\/wp-json\/wp\/v2\/media?parent=888"}],"wp:term":[{"taxonomy":"product_brand","embeddable":true,"href":"https:\/\/mustveepuukool.ee\/et\/wp-json\/wp\/v2\/product_brand?post=888"},{"taxonomy":"product_cat","embeddable":true,"href":"https:\/\/mustveepuukool.ee\/et\/wp-json\/wp\/v2\/product_cat?post=888"},{"taxonomy":"product_tag","embeddable":true,"href":"https:\/\/mustveepuukool.ee\/et\/wp-json\/wp\/v2\/product_tag?post=888"}],"curies":[{"name":"wp","href":"https:\/\/api.w.org\/{rel}","templated":true}]}}