{"id":8911,"date":"2025-06-16T18:54:21","date_gmt":"2025-06-16T18:54:21","guid":{"rendered":"https:\/\/mustveepuukool.ee\/?post_type=product&#038;p=8911"},"modified":"2026-04-10T16:37:01","modified_gmt":"2026-04-10T16:37:01","slug":"hydrangea-paniculata-bee-happy","status":"publish","type":"product","link":"https:\/\/mustveepuukool.ee\/et\/shop\/taimed\/ilupoosad\/hortensiad\/hydrangea-paniculata-bee-happy\/","title":{"rendered":"Hydrangea paniculata \u2018Bee Happy\u2019"},"content":{"rendered":"<p>Madalakasvuline, kompaktne hortensiasort tiheda \u00fcmara p\u00f5\u00f5savormiga. \u00d5ied on koondunud v\u00e4ikestesse p\u00fcramiidsetesse \u00f5isikutesse, mis \u00f5itsemise alguses on rohekad, hiljem muutuvad kreemvalgeks. Kerge l\u00f5hnaga. Tundub h\u00e4sti viljakal, niiskel, kuid mitte liigniiskel pinnasel. Sobib konteineritesse, peenardesse ja v\u00e4ikestesse aedadesse.<\/p>","protected":false},"excerpt":{"rendered":"<p>Aedhortensia<br \/>\u2191 0,6-0,8 m\u00a0<br \/>\u2194 0,5-0,6 m\u00a0<br \/>\u25d1\u3007\u00a0<br \/>\ua564 juuli-september<br \/>-29\u00b0C (5 tsoon)<\/p>","protected":false},"featured_media":8912,"template":"","meta":[],"product_brand":[],"product_cat":[54],"product_tag":[],"class_list":{"0":"post-8911","1":"product","2":"type-product","3":"status-publish","4":"has-post-thumbnail","6":"product_cat-hortensiad","8":"first","9":"instock","10":"shipping-taxable","11":"purchasable","12":"product-type-simple"},"jetpack_sharing_enabled":true,"_links":{"self":[{"href":"https:\/\/mustveepuukool.ee\/et\/wp-json\/wp\/v2\/product\/8911","targetHints":{"allow":["GET"]}}],"collection":[{"href":"https:\/\/mustveepuukool.ee\/et\/wp-json\/wp\/v2\/product"}],"about":[{"href":"https:\/\/mustveepuukool.ee\/et\/wp-json\/wp\/v2\/types\/product"}],"version-history":[{"count":1,"href":"https:\/\/mustveepuukool.ee\/et\/wp-json\/wp\/v2\/product\/8911\/revisions"}],"predecessor-version":[{"id":8913,"href":"https:\/\/mustveepuukool.ee\/et\/wp-json\/wp\/v2\/product\/8911\/revisions\/8913"}],"wp:featuredmedia":[{"embeddable":true,"href":"https:\/\/mustveepuukool.ee\/et\/wp-json\/wp\/v2\/media\/8912"}],"wp:attachment":[{"href":"https:\/\/mustveepuukool.ee\/et\/wp-json\/wp\/v2\/media?parent=8911"}],"wp:term":[{"taxonomy":"product_brand","embeddable":true,"href":"https:\/\/mustveepuukool.ee\/et\/wp-json\/wp\/v2\/product_brand?post=8911"},{"taxonomy":"product_cat","embeddable":true,"href":"https:\/\/mustveepuukool.ee\/et\/wp-json\/wp\/v2\/product_cat?post=8911"},{"taxonomy":"product_tag","embeddable":true,"href":"https:\/\/mustveepuukool.ee\/et\/wp-json\/wp\/v2\/product_tag?post=8911"}],"curies":[{"name":"wp","href":"https:\/\/api.w.org\/{rel}","templated":true}]}}