{"id":906,"date":"2024-01-29T15:26:18","date_gmt":"2024-01-29T15:26:18","guid":{"rendered":"https:\/\/mustveepuukool.ee\/?post_type=product&#038;p=906"},"modified":"2026-03-25T09:59:54","modified_gmt":"2026-03-25T09:59:54","slug":"taxus-media-hillii","status":"publish","type":"product","link":"https:\/\/mustveepuukool.ee\/et\/shop\/taimed\/okaspuud\/taxus-media-hillii\/","title":{"rendered":"Taxus media &#8216;Hillii&#8217;"},"content":{"rendered":"<p>Igihaljas. Isastaim, ei moodustu punaseid vilju. <br \/>Laseb end v\u00e4ga h\u00e4sti k\u00e4rpida nii hekiks kui ka erinevateks vormideks. <br \/>Hekiks (2-4 taime\/jm).<\/p>","protected":false},"excerpt":{"rendered":"<p>\u0422\u0438\u0441<br \/>\u21911,5-2 m <br \/>\u21941 m <br \/>\u25cf\u25d1\u3007 <br \/>-29\u00b0C (5 tsoon)<\/p>","protected":false},"featured_media":907,"template":"","meta":[],"product_brand":[],"product_cat":[23,25],"product_tag":[],"class_list":{"0":"post-906","1":"product","2":"type-product","3":"status-publish","4":"has-post-thumbnail","6":"product_cat-taimed","7":"product_cat-okaspuud","8":"pa_suurus-3l-pott","10":"first","11":"outofstock","12":"shipping-taxable","13":"purchasable","14":"product-type-variable","15":"has-default-attributes"},"jetpack_sharing_enabled":true,"_links":{"self":[{"href":"https:\/\/mustveepuukool.ee\/et\/wp-json\/wp\/v2\/product\/906","targetHints":{"allow":["GET"]}}],"collection":[{"href":"https:\/\/mustveepuukool.ee\/et\/wp-json\/wp\/v2\/product"}],"about":[{"href":"https:\/\/mustveepuukool.ee\/et\/wp-json\/wp\/v2\/types\/product"}],"version-history":[{"count":2,"href":"https:\/\/mustveepuukool.ee\/et\/wp-json\/wp\/v2\/product\/906\/revisions"}],"predecessor-version":[{"id":16192,"href":"https:\/\/mustveepuukool.ee\/et\/wp-json\/wp\/v2\/product\/906\/revisions\/16192"}],"wp:featuredmedia":[{"embeddable":true,"href":"https:\/\/mustveepuukool.ee\/et\/wp-json\/wp\/v2\/media\/907"}],"wp:attachment":[{"href":"https:\/\/mustveepuukool.ee\/et\/wp-json\/wp\/v2\/media?parent=906"}],"wp:term":[{"taxonomy":"product_brand","embeddable":true,"href":"https:\/\/mustveepuukool.ee\/et\/wp-json\/wp\/v2\/product_brand?post=906"},{"taxonomy":"product_cat","embeddable":true,"href":"https:\/\/mustveepuukool.ee\/et\/wp-json\/wp\/v2\/product_cat?post=906"},{"taxonomy":"product_tag","embeddable":true,"href":"https:\/\/mustveepuukool.ee\/et\/wp-json\/wp\/v2\/product_tag?post=906"}],"curies":[{"name":"wp","href":"https:\/\/api.w.org\/{rel}","templated":true}]}}