{"id":913,"date":"2024-01-29T15:49:30","date_gmt":"2024-01-29T15:49:30","guid":{"rendered":"https:\/\/mustveepuukool.ee\/?post_type=product&#038;p=913"},"modified":"2026-01-21T15:58:42","modified_gmt":"2026-01-21T15:58:42","slug":"rubus-idaeus-fallgold","status":"publish","type":"product","link":"https:\/\/mustveepuukool.ee\/et\/shop\/taimed\/viljapuud-ja-marjad\/vaarika\/rubus-idaeus-fallgold\/","title":{"rendered":"Rubus idaeus &#8216;Fallgold&#8217;"},"content":{"rendered":"<p>Annab \u00fche kasvuperioodi jooksul kaks saaki (juulis ja augustis k\u00fclmadeni). Viljad suured,  kollased, v\u00e4ga maitsvad. Alustab \u00f5itsemist tavalisest vaarikast hiljem ning ei vaja seet\u00f5ttu pritsimist \u00f5itsemise ajal.<\/p>","protected":false},"excerpt":{"rendered":"<p>Taasviljuv vaarikas, remontantsort<br \/>\u2191 2m <br \/>\u25d1\u3007 <br \/>\ua564 mai-juuni <br \/>&#8212; 29\u00b0C (5 tsoon)<\/p>","protected":false},"featured_media":914,"template":"","meta":[],"product_brand":[],"product_cat":[105],"product_tag":[],"class_list":{"0":"post-913","1":"product","2":"type-product","3":"status-publish","4":"has-post-thumbnail","6":"product_cat-vaarika","7":"pa_suurus-15l-pott","9":"first","10":"outofstock","11":"shipping-taxable","12":"purchasable","13":"product-type-variable","14":"has-default-attributes"},"jetpack_sharing_enabled":true,"_links":{"self":[{"href":"https:\/\/mustveepuukool.ee\/et\/wp-json\/wp\/v2\/product\/913","targetHints":{"allow":["GET"]}}],"collection":[{"href":"https:\/\/mustveepuukool.ee\/et\/wp-json\/wp\/v2\/product"}],"about":[{"href":"https:\/\/mustveepuukool.ee\/et\/wp-json\/wp\/v2\/types\/product"}],"version-history":[{"count":2,"href":"https:\/\/mustveepuukool.ee\/et\/wp-json\/wp\/v2\/product\/913\/revisions"}],"predecessor-version":[{"id":7310,"href":"https:\/\/mustveepuukool.ee\/et\/wp-json\/wp\/v2\/product\/913\/revisions\/7310"}],"wp:featuredmedia":[{"embeddable":true,"href":"https:\/\/mustveepuukool.ee\/et\/wp-json\/wp\/v2\/media\/914"}],"wp:attachment":[{"href":"https:\/\/mustveepuukool.ee\/et\/wp-json\/wp\/v2\/media?parent=913"}],"wp:term":[{"taxonomy":"product_brand","embeddable":true,"href":"https:\/\/mustveepuukool.ee\/et\/wp-json\/wp\/v2\/product_brand?post=913"},{"taxonomy":"product_cat","embeddable":true,"href":"https:\/\/mustveepuukool.ee\/et\/wp-json\/wp\/v2\/product_cat?post=913"},{"taxonomy":"product_tag","embeddable":true,"href":"https:\/\/mustveepuukool.ee\/et\/wp-json\/wp\/v2\/product_tag?post=913"}],"curies":[{"name":"wp","href":"https:\/\/api.w.org\/{rel}","templated":true}]}}