{"id":9265,"date":"2025-08-27T05:07:20","date_gmt":"2025-08-27T05:07:20","guid":{"rendered":"https:\/\/mustveepuukool.ee\/?post_type=product&#038;p=9265"},"modified":"2025-12-03T10:24:32","modified_gmt":"2025-12-03T10:24:32","slug":"%d0%bf%d0%be%d0%bc%d0%b8%d0%b4%d0%be%d1%80-green-zebra","status":"publish","type":"product","link":"https:\/\/mustveepuukool.ee\/et\/shop\/kaubad\/seemned\/tomatid\/%d0%bf%d0%be%d0%bc%d0%b8%d0%b4%d0%be%d1%80-green-zebra\/","title":{"rendered":"Green Zebra 10 \u0441\u0435\u043c\u044f\u043d"},"content":{"rendered":"","protected":false},"excerpt":{"rendered":"<p>P\u00f5nev rohelisetriibuline v\u00e4ga hea maitsega k\u00f5rgekasvuline p\u00e4randsort.<br \/>Vili keskmise suurusega (70-150 grammi). Viljade valmides need pehmenevad ja muutuvad kollakamaks. Viljaliha heleroheline ja lihakas. Erineb teistest oma pikatse maitse poolest!<\/p>\n<p><strong>Kasutusjuhend<\/strong><br \/><strong>K\u00fclviaeg.<\/strong>\u00a0Kasvatatakse ette veebruaris-aprillis.<br \/><strong>Kasvukoht.<\/strong>\u00a0Kasvuhoone.<br \/><strong>Istutusskeem.<\/strong>\u00a0Reavahe 40-75 cm, taimede vahe 50-100 cm.<\/p>","protected":false},"featured_media":9552,"template":"","meta":[],"product_brand":[],"product_cat":[214],"product_tag":[],"class_list":{"0":"post-9265","1":"product","2":"type-product","3":"status-publish","4":"has-post-thumbnail","6":"product_cat-tomatid","8":"first","9":"instock","10":"shipping-taxable","11":"purchasable","12":"product-type-simple"},"jetpack_sharing_enabled":true,"_links":{"self":[{"href":"https:\/\/mustveepuukool.ee\/et\/wp-json\/wp\/v2\/product\/9265","targetHints":{"allow":["GET"]}}],"collection":[{"href":"https:\/\/mustveepuukool.ee\/et\/wp-json\/wp\/v2\/product"}],"about":[{"href":"https:\/\/mustveepuukool.ee\/et\/wp-json\/wp\/v2\/types\/product"}],"version-history":[{"count":2,"href":"https:\/\/mustveepuukool.ee\/et\/wp-json\/wp\/v2\/product\/9265\/revisions"}],"predecessor-version":[{"id":10662,"href":"https:\/\/mustveepuukool.ee\/et\/wp-json\/wp\/v2\/product\/9265\/revisions\/10662"}],"wp:featuredmedia":[{"embeddable":true,"href":"https:\/\/mustveepuukool.ee\/et\/wp-json\/wp\/v2\/media\/9552"}],"wp:attachment":[{"href":"https:\/\/mustveepuukool.ee\/et\/wp-json\/wp\/v2\/media?parent=9265"}],"wp:term":[{"taxonomy":"product_brand","embeddable":true,"href":"https:\/\/mustveepuukool.ee\/et\/wp-json\/wp\/v2\/product_brand?post=9265"},{"taxonomy":"product_cat","embeddable":true,"href":"https:\/\/mustveepuukool.ee\/et\/wp-json\/wp\/v2\/product_cat?post=9265"},{"taxonomy":"product_tag","embeddable":true,"href":"https:\/\/mustveepuukool.ee\/et\/wp-json\/wp\/v2\/product_tag?post=9265"}],"curies":[{"name":"wp","href":"https:\/\/api.w.org\/{rel}","templated":true}]}}