{"id":928,"date":"2024-01-29T17:18:43","date_gmt":"2024-01-29T17:18:43","guid":{"rendered":"https:\/\/mustveepuukool.ee\/?post_type=product&#038;p=928"},"modified":"2026-04-30T13:28:25","modified_gmt":"2026-04-30T13:28:25","slug":"vaccinium-corymbosum-bluecrop","status":"publish","type":"product","link":"https:\/\/mustveepuukool.ee\/et\/shop\/taimed\/viljapuud-ja-marjad\/mustika\/vaccinium-corymbosum-bluecrop\/","title":{"rendered":"Vaccinium corymbosum  &#8216;Blue Crop&#8217;"},"content":{"rendered":"<p>S\u00f6\u00f6dav ja ilutaim. V\u00e4ga suured marjad valmivad juuli l\u00f5pus-augustis. V\u00e4ga j\u00f5ulise kasvu ja suure saagikusega p\u00f5\u00f5sas. Ilus oran\u017eikas-kollane s\u00fcgisv\u00e4rvus. Dekoratiivne l\u00e4bi hooaja. Meelitab aeda tolmendajad. V\u00e4hen\u00f5udlik. Hapu muld.<\/p>","protected":false},"excerpt":{"rendered":"<p>\u0413\u043e\u043b\u0443\u0431\u0438\u043a\u0430 \u0438\u043b\u0438 \u0427\u0435\u0440\u043d\u0438\u043a\u0430 \u0449\u0438\u0442\u043a\u043e\u0432\u0430\u044f &#8216;\u0421\u0438\u043d\u0438\u0439 \u0423\u0440\u043e\u0436\u0430\u0439&#8217;<br \/>\u2191 1,5-2 m <br \/>\u2194 1,5 m <br \/>\u25d1\u3007 <br \/>\ua564 mai <br \/>&#8212; 29\u00b0C (5 tsoon)<\/p>","protected":false},"featured_media":929,"template":"","meta":[],"product_brand":[],"product_cat":[107],"product_tag":[],"class_list":{"0":"post-928","1":"product","2":"type-product","3":"status-publish","4":"has-post-thumbnail","6":"product_cat-mustika","7":"pa_suurus-50-cm","9":"first","10":"instock","11":"shipping-taxable","12":"purchasable","13":"product-type-variable","14":"has-default-attributes"},"jetpack_sharing_enabled":true,"_links":{"self":[{"href":"https:\/\/mustveepuukool.ee\/et\/wp-json\/wp\/v2\/product\/928","targetHints":{"allow":["GET"]}}],"collection":[{"href":"https:\/\/mustveepuukool.ee\/et\/wp-json\/wp\/v2\/product"}],"about":[{"href":"https:\/\/mustveepuukool.ee\/et\/wp-json\/wp\/v2\/types\/product"}],"version-history":[{"count":2,"href":"https:\/\/mustveepuukool.ee\/et\/wp-json\/wp\/v2\/product\/928\/revisions"}],"predecessor-version":[{"id":7705,"href":"https:\/\/mustveepuukool.ee\/et\/wp-json\/wp\/v2\/product\/928\/revisions\/7705"}],"wp:featuredmedia":[{"embeddable":true,"href":"https:\/\/mustveepuukool.ee\/et\/wp-json\/wp\/v2\/media\/929"}],"wp:attachment":[{"href":"https:\/\/mustveepuukool.ee\/et\/wp-json\/wp\/v2\/media?parent=928"}],"wp:term":[{"taxonomy":"product_brand","embeddable":true,"href":"https:\/\/mustveepuukool.ee\/et\/wp-json\/wp\/v2\/product_brand?post=928"},{"taxonomy":"product_cat","embeddable":true,"href":"https:\/\/mustveepuukool.ee\/et\/wp-json\/wp\/v2\/product_cat?post=928"},{"taxonomy":"product_tag","embeddable":true,"href":"https:\/\/mustveepuukool.ee\/et\/wp-json\/wp\/v2\/product_tag?post=928"}],"curies":[{"name":"wp","href":"https:\/\/api.w.org\/{rel}","templated":true}]}}