{"id":936,"date":"2024-01-31T09:37:31","date_gmt":"2024-01-31T09:37:31","guid":{"rendered":"https:\/\/mustveepuukool.ee\/?post_type=product&#038;p=936"},"modified":"2026-05-05T08:14:21","modified_gmt":"2026-05-05T08:14:21","slug":"physocarpus-opulifolius-red-baron","status":"publish","type":"product","link":"https:\/\/mustveepuukool.ee\/et\/shop\/taimed\/ilupoosad\/lodjap-poisenelad\/physocarpus-opulifolius-red-baron\/","title":{"rendered":"Physocarpus opulifolius &#8216;Red Baron&#8217;"},"content":{"rendered":"<p>Lehestik on mustjaspunakas ning juunis ilmuvad p\u00f5\u00f5sale pisikesed roosakasvalged \u00f5iekobarad, milles valmivad punased viljad. Praktiliselt hooldusvaba.<\/p>","protected":false},"excerpt":{"rendered":"<p>Lodjap-p\u00f5isenelas<br \/>\u2191 1,2-1,5m <br \/>\u2194 1,5m <br \/>\u25d1\u3007 <br \/>\ua564 juuni-juuli <br \/>&#8212; 29\u00b0C (5 tsoon)<\/p>","protected":false},"featured_media":938,"template":"","meta":[],"product_brand":[],"product_cat":[78],"product_tag":[],"class_list":{"0":"post-936","1":"product","2":"type-product","3":"status-publish","4":"has-post-thumbnail","6":"product_cat-lodjap-poisenelad","7":"pa_suurus-3l-pott","8":"pa_suurus-5l-pott","10":"first","11":"instock","12":"shipping-taxable","13":"purchasable","14":"product-type-variable","15":"has-default-attributes"},"jetpack_sharing_enabled":true,"_links":{"self":[{"href":"https:\/\/mustveepuukool.ee\/et\/wp-json\/wp\/v2\/product\/936","targetHints":{"allow":["GET"]}}],"collection":[{"href":"https:\/\/mustveepuukool.ee\/et\/wp-json\/wp\/v2\/product"}],"about":[{"href":"https:\/\/mustveepuukool.ee\/et\/wp-json\/wp\/v2\/types\/product"}],"version-history":[{"count":2,"href":"https:\/\/mustveepuukool.ee\/et\/wp-json\/wp\/v2\/product\/936\/revisions"}],"predecessor-version":[{"id":4663,"href":"https:\/\/mustveepuukool.ee\/et\/wp-json\/wp\/v2\/product\/936\/revisions\/4663"}],"wp:featuredmedia":[{"embeddable":true,"href":"https:\/\/mustveepuukool.ee\/et\/wp-json\/wp\/v2\/media\/938"}],"wp:attachment":[{"href":"https:\/\/mustveepuukool.ee\/et\/wp-json\/wp\/v2\/media?parent=936"}],"wp:term":[{"taxonomy":"product_brand","embeddable":true,"href":"https:\/\/mustveepuukool.ee\/et\/wp-json\/wp\/v2\/product_brand?post=936"},{"taxonomy":"product_cat","embeddable":true,"href":"https:\/\/mustveepuukool.ee\/et\/wp-json\/wp\/v2\/product_cat?post=936"},{"taxonomy":"product_tag","embeddable":true,"href":"https:\/\/mustveepuukool.ee\/et\/wp-json\/wp\/v2\/product_tag?post=936"}],"curies":[{"name":"wp","href":"https:\/\/api.w.org\/{rel}","templated":true}]}}