{"id":939,"date":"2024-01-31T09:53:15","date_gmt":"2024-01-31T09:53:15","guid":{"rendered":"https:\/\/mustveepuukool.ee\/?post_type=product&#038;p=939"},"modified":"2026-04-30T13:23:41","modified_gmt":"2026-04-30T13:23:41","slug":"vaccinium-corymbosum-elisabeth","status":"publish","type":"product","link":"https:\/\/mustveepuukool.ee\/et\/shop\/taimed\/viljapuud-ja-marjad\/mustika\/vaccinium-corymbosum-elisabeth\/","title":{"rendered":"Vaccinium corymbosum  &#8216;Elisabeth&#8217;"},"content":{"rendered":"<p>Viljad suured, sinised ja magusa maitsega. Viljub juuli l\u00f5pp \u2013 augusti algus. K\u00fclluslik s\u00fcgisv\u00e4rv. Teise sordi olemasolul suureneb saagikus.<\/p>","protected":false},"excerpt":{"rendered":"<p>K\u00e4nnasmustikas<br \/>\u2191150cm <br \/>\u2194150cm <br \/>\u25d1\u3007 <br \/>\ua564 mai-juuni <br \/>-29\u00b0C (5 tsoon)<\/p>","protected":false},"featured_media":940,"template":"","meta":[],"product_brand":[],"product_cat":[107],"product_tag":[],"class_list":{"0":"post-939","1":"product","2":"type-product","3":"status-publish","4":"has-post-thumbnail","6":"product_cat-mustika","7":"pa_suurus-1m","9":"first","10":"instock","11":"shipping-taxable","12":"purchasable","13":"product-type-variable","14":"has-default-attributes"},"jetpack_sharing_enabled":true,"_links":{"self":[{"href":"https:\/\/mustveepuukool.ee\/et\/wp-json\/wp\/v2\/product\/939","targetHints":{"allow":["GET"]}}],"collection":[{"href":"https:\/\/mustveepuukool.ee\/et\/wp-json\/wp\/v2\/product"}],"about":[{"href":"https:\/\/mustveepuukool.ee\/et\/wp-json\/wp\/v2\/types\/product"}],"version-history":[{"count":1,"href":"https:\/\/mustveepuukool.ee\/et\/wp-json\/wp\/v2\/product\/939\/revisions"}],"predecessor-version":[{"id":5134,"href":"https:\/\/mustveepuukool.ee\/et\/wp-json\/wp\/v2\/product\/939\/revisions\/5134"}],"wp:featuredmedia":[{"embeddable":true,"href":"https:\/\/mustveepuukool.ee\/et\/wp-json\/wp\/v2\/media\/940"}],"wp:attachment":[{"href":"https:\/\/mustveepuukool.ee\/et\/wp-json\/wp\/v2\/media?parent=939"}],"wp:term":[{"taxonomy":"product_brand","embeddable":true,"href":"https:\/\/mustveepuukool.ee\/et\/wp-json\/wp\/v2\/product_brand?post=939"},{"taxonomy":"product_cat","embeddable":true,"href":"https:\/\/mustveepuukool.ee\/et\/wp-json\/wp\/v2\/product_cat?post=939"},{"taxonomy":"product_tag","embeddable":true,"href":"https:\/\/mustveepuukool.ee\/et\/wp-json\/wp\/v2\/product_tag?post=939"}],"curies":[{"name":"wp","href":"https:\/\/api.w.org\/{rel}","templated":true}]}}