{"id":945,"date":"2024-01-31T10:06:30","date_gmt":"2024-01-31T10:06:30","guid":{"rendered":"https:\/\/mustveepuukool.ee\/?post_type=product&#038;p=945"},"modified":"2026-05-04T16:02:28","modified_gmt":"2026-05-04T16:02:28","slug":"ribes-nigrum-tsernoi-zemtsug","status":"publish","type":"product","link":"https:\/\/mustveepuukool.ee\/et\/shop\/taimed\/viljapuud-ja-marjad\/soster\/ribes-nigrum-tsernoi-zemtsug\/","title":{"rendered":"Ribes nigrum  &#8216;T\u0161ern\u00f5i \u017demt\u0161ug&#8217;"},"content":{"rendered":"<p>P\u00f5\u00f5sas on keskmise suurusega, keskmiselt laiuv. Keskvalmiv, saagikas (keskmine saak 3,1 kg p\u00f5\u00f5salt), varajase saagikandealgusega. Marjad mustad, l\u00e4ikivad, suured.<\/p>","protected":false},"excerpt":{"rendered":"<p>Must s\u00f5star<\/p>","protected":false},"featured_media":946,"template":"","meta":[],"product_brand":[],"product_cat":[100],"product_tag":[],"class_list":{"0":"post-945","1":"product","2":"type-product","3":"status-publish","4":"has-post-thumbnail","6":"product_cat-soster","7":"pa_suurus-1m","9":"first","10":"instock","11":"shipping-taxable","12":"purchasable","13":"product-type-variable","14":"has-default-attributes"},"jetpack_sharing_enabled":true,"_links":{"self":[{"href":"https:\/\/mustveepuukool.ee\/et\/wp-json\/wp\/v2\/product\/945","targetHints":{"allow":["GET"]}}],"collection":[{"href":"https:\/\/mustveepuukool.ee\/et\/wp-json\/wp\/v2\/product"}],"about":[{"href":"https:\/\/mustveepuukool.ee\/et\/wp-json\/wp\/v2\/types\/product"}],"version-history":[{"count":1,"href":"https:\/\/mustveepuukool.ee\/et\/wp-json\/wp\/v2\/product\/945\/revisions"}],"predecessor-version":[{"id":2936,"href":"https:\/\/mustveepuukool.ee\/et\/wp-json\/wp\/v2\/product\/945\/revisions\/2936"}],"wp:featuredmedia":[{"embeddable":true,"href":"https:\/\/mustveepuukool.ee\/et\/wp-json\/wp\/v2\/media\/946"}],"wp:attachment":[{"href":"https:\/\/mustveepuukool.ee\/et\/wp-json\/wp\/v2\/media?parent=945"}],"wp:term":[{"taxonomy":"product_brand","embeddable":true,"href":"https:\/\/mustveepuukool.ee\/et\/wp-json\/wp\/v2\/product_brand?post=945"},{"taxonomy":"product_cat","embeddable":true,"href":"https:\/\/mustveepuukool.ee\/et\/wp-json\/wp\/v2\/product_cat?post=945"},{"taxonomy":"product_tag","embeddable":true,"href":"https:\/\/mustveepuukool.ee\/et\/wp-json\/wp\/v2\/product_tag?post=945"}],"curies":[{"name":"wp","href":"https:\/\/api.w.org\/{rel}","templated":true}]}}