{"id":947,"date":"2024-01-31T10:09:01","date_gmt":"2024-01-31T10:09:01","guid":{"rendered":"https:\/\/mustveepuukool.ee\/?post_type=product&#038;p=947"},"modified":"2026-04-30T11:41:58","modified_gmt":"2026-04-30T11:41:58","slug":"ribes-nigrum-jadrennaja","status":"publish","type":"product","link":"https:\/\/mustveepuukool.ee\/et\/shop\/taimed\/viljapuud-ja-marjad\/soster\/ribes-nigrum-jadrennaja\/","title":{"rendered":"Ribes nigrum  &#8216;Jadrennaja&#8217;"},"content":{"rendered":"<p>P\u00f5\u00f5sas on keskmise suurusega. Keskvalmiv, \u00fclesaagikas (keskmine saak 5-6kg p\u00f5\u00f5salt), hilisepoolse valmivusega. Marjad mustad, l\u00e4ikivad, suured.<\/p>","protected":false},"excerpt":{"rendered":"<p>Must s\u00f5star<\/p>","protected":false},"featured_media":948,"template":"","meta":[],"product_brand":[],"product_cat":[100],"product_tag":[],"class_list":{"0":"post-947","1":"product","2":"type-product","3":"status-publish","4":"has-post-thumbnail","6":"product_cat-soster","7":"pa_suurus-1m","9":"first","10":"instock","11":"shipping-taxable","12":"purchasable","13":"product-type-variable","14":"has-default-attributes"},"jetpack_sharing_enabled":true,"_links":{"self":[{"href":"https:\/\/mustveepuukool.ee\/et\/wp-json\/wp\/v2\/product\/947","targetHints":{"allow":["GET"]}}],"collection":[{"href":"https:\/\/mustveepuukool.ee\/et\/wp-json\/wp\/v2\/product"}],"about":[{"href":"https:\/\/mustveepuukool.ee\/et\/wp-json\/wp\/v2\/types\/product"}],"version-history":[{"count":1,"href":"https:\/\/mustveepuukool.ee\/et\/wp-json\/wp\/v2\/product\/947\/revisions"}],"predecessor-version":[{"id":2935,"href":"https:\/\/mustveepuukool.ee\/et\/wp-json\/wp\/v2\/product\/947\/revisions\/2935"}],"wp:featuredmedia":[{"embeddable":true,"href":"https:\/\/mustveepuukool.ee\/et\/wp-json\/wp\/v2\/media\/948"}],"wp:attachment":[{"href":"https:\/\/mustveepuukool.ee\/et\/wp-json\/wp\/v2\/media?parent=947"}],"wp:term":[{"taxonomy":"product_brand","embeddable":true,"href":"https:\/\/mustveepuukool.ee\/et\/wp-json\/wp\/v2\/product_brand?post=947"},{"taxonomy":"product_cat","embeddable":true,"href":"https:\/\/mustveepuukool.ee\/et\/wp-json\/wp\/v2\/product_cat?post=947"},{"taxonomy":"product_tag","embeddable":true,"href":"https:\/\/mustveepuukool.ee\/et\/wp-json\/wp\/v2\/product_tag?post=947"}],"curies":[{"name":"wp","href":"https:\/\/api.w.org\/{rel}","templated":true}]}}