{"id":949,"date":"2024-01-31T10:11:46","date_gmt":"2024-01-31T10:11:46","guid":{"rendered":"https:\/\/mustveepuukool.ee\/?post_type=product&#038;p=949"},"modified":"2026-04-30T11:47:20","modified_gmt":"2026-04-30T11:47:20","slug":"ribes-nigrum-katjusha","status":"publish","type":"product","link":"https:\/\/mustveepuukool.ee\/et\/shop\/taimed\/viljapuud-ja-marjad\/soster\/ribes-nigrum-katjusha\/","title":{"rendered":"Ribes nigrum  &#8216;Katjusha&#8217;"},"content":{"rendered":"<p>P\u00f5\u00f5sas on j\u00f5ulise kasvuga, veidi laiuv, pikkade okstega. Sort on keskvalmiv, saagikas (keskmine saagikus 3,5 kg p\u00f5\u00f5salt). Viljad on suured (keskmine mass 1,2 g), piklik-\u00fcmarad asetsevad pikkades kobarates keskmise tihedusega, atraktiivsed, \u00fchtlase valmivusega. Hea t\u00f6\u00f6tlemis- ja ka dessertsort.<\/p>","protected":false},"excerpt":{"rendered":"<p>P\u00f5\u00f5sas on j\u00f5ulise kasvuga, veidi laiuv, pikkade okstega. Sort on keskvalmiv, saagikas (keskmine saagikus 3,5 kg p\u00f5\u00f5salt). Viljad on suured (keskmine mass 1,2 g), piklik-\u00fcmarad asetsevad pikkades kobarates keskmise tihedusega, atraktiivsed, \u00fchtlase valmivusega. Hea t\u00f6\u00f6tlemis- ja ka dessertsort.<\/p>","protected":false},"featured_media":950,"template":"","meta":[],"product_brand":[],"product_cat":[100],"product_tag":[],"class_list":{"0":"post-949","1":"product","2":"type-product","3":"status-publish","4":"has-post-thumbnail","6":"product_cat-soster","7":"pa_suurus-1m","9":"first","10":"instock","11":"shipping-taxable","12":"purchasable","13":"product-type-variable","14":"has-default-attributes"},"jetpack_sharing_enabled":true,"_links":{"self":[{"href":"https:\/\/mustveepuukool.ee\/et\/wp-json\/wp\/v2\/product\/949","targetHints":{"allow":["GET"]}}],"collection":[{"href":"https:\/\/mustveepuukool.ee\/et\/wp-json\/wp\/v2\/product"}],"about":[{"href":"https:\/\/mustveepuukool.ee\/et\/wp-json\/wp\/v2\/types\/product"}],"version-history":[{"count":2,"href":"https:\/\/mustveepuukool.ee\/et\/wp-json\/wp\/v2\/product\/949\/revisions"}],"predecessor-version":[{"id":17324,"href":"https:\/\/mustveepuukool.ee\/et\/wp-json\/wp\/v2\/product\/949\/revisions\/17324"}],"wp:featuredmedia":[{"embeddable":true,"href":"https:\/\/mustveepuukool.ee\/et\/wp-json\/wp\/v2\/media\/950"}],"wp:attachment":[{"href":"https:\/\/mustveepuukool.ee\/et\/wp-json\/wp\/v2\/media?parent=949"}],"wp:term":[{"taxonomy":"product_brand","embeddable":true,"href":"https:\/\/mustveepuukool.ee\/et\/wp-json\/wp\/v2\/product_brand?post=949"},{"taxonomy":"product_cat","embeddable":true,"href":"https:\/\/mustveepuukool.ee\/et\/wp-json\/wp\/v2\/product_cat?post=949"},{"taxonomy":"product_tag","embeddable":true,"href":"https:\/\/mustveepuukool.ee\/et\/wp-json\/wp\/v2\/product_tag?post=949"}],"curies":[{"name":"wp","href":"https:\/\/api.w.org\/{rel}","templated":true}]}}