{"id":951,"date":"2024-01-31T10:17:53","date_gmt":"2024-01-31T10:17:53","guid":{"rendered":"https:\/\/mustveepuukool.ee\/?post_type=product&#038;p=951"},"modified":"2026-04-30T11:45:07","modified_gmt":"2026-04-30T11:45:07","slug":"ribes-nigrum-leningradskij-velikan","status":"publish","type":"product","link":"https:\/\/mustveepuukool.ee\/et\/shop\/taimed\/viljapuud-ja-marjad\/soster\/ribes-nigrum-leningradskij-velikan\/","title":{"rendered":"Ribes nigrum  &#8216;Leningradskij Velikan&#8217;"},"content":{"rendered":"<p>P\u00f5\u00f5sas on keskmise suurusega. Keskvalmiv, saagikas (keskmine saak 3-4,5kg p\u00f5\u00f5salt), Marjad mustad, l\u00e4ikivad, suured. Sobib h\u00e4sti dessertsordiks.<\/p>","protected":false},"excerpt":{"rendered":"<p>Must s\u00f5star<\/p>","protected":false},"featured_media":952,"template":"","meta":[],"product_brand":[],"product_cat":[100],"product_tag":[],"class_list":{"0":"post-951","1":"product","2":"type-product","3":"status-publish","4":"has-post-thumbnail","6":"product_cat-soster","7":"pa_suurus-1m","9":"first","10":"instock","11":"shipping-taxable","12":"purchasable","13":"product-type-variable","14":"has-default-attributes"},"jetpack_sharing_enabled":true,"_links":{"self":[{"href":"https:\/\/mustveepuukool.ee\/et\/wp-json\/wp\/v2\/product\/951","targetHints":{"allow":["GET"]}}],"collection":[{"href":"https:\/\/mustveepuukool.ee\/et\/wp-json\/wp\/v2\/product"}],"about":[{"href":"https:\/\/mustveepuukool.ee\/et\/wp-json\/wp\/v2\/types\/product"}],"version-history":[{"count":1,"href":"https:\/\/mustveepuukool.ee\/et\/wp-json\/wp\/v2\/product\/951\/revisions"}],"predecessor-version":[{"id":2933,"href":"https:\/\/mustveepuukool.ee\/et\/wp-json\/wp\/v2\/product\/951\/revisions\/2933"}],"wp:featuredmedia":[{"embeddable":true,"href":"https:\/\/mustveepuukool.ee\/et\/wp-json\/wp\/v2\/media\/952"}],"wp:attachment":[{"href":"https:\/\/mustveepuukool.ee\/et\/wp-json\/wp\/v2\/media?parent=951"}],"wp:term":[{"taxonomy":"product_brand","embeddable":true,"href":"https:\/\/mustveepuukool.ee\/et\/wp-json\/wp\/v2\/product_brand?post=951"},{"taxonomy":"product_cat","embeddable":true,"href":"https:\/\/mustveepuukool.ee\/et\/wp-json\/wp\/v2\/product_cat?post=951"},{"taxonomy":"product_tag","embeddable":true,"href":"https:\/\/mustveepuukool.ee\/et\/wp-json\/wp\/v2\/product_tag?post=951"}],"curies":[{"name":"wp","href":"https:\/\/api.w.org\/{rel}","templated":true}]}}