{"id":957,"date":"2024-01-31T10:40:43","date_gmt":"2024-01-31T10:40:43","guid":{"rendered":"https:\/\/mustveepuukool.ee\/?post_type=product&#038;p=957"},"modified":"2026-04-01T12:33:01","modified_gmt":"2026-04-01T12:33:01","slug":"ribes-rubrum-jonkheer-van-tets","status":"publish","type":"product","link":"https:\/\/mustveepuukool.ee\/et\/shop\/taimed\/viljapuud-ja-marjad\/soster\/ribes-rubrum-jonkheer-van-tets\/","title":{"rendered":"Ribes rubrum  &#8216;Jonkheer van Tets&#8217;"},"content":{"rendered":"<p>S\u00f6\u00f6dav ja dekoratiivne. Keskvalmiv. Saagikas. Viljad on tumepunased, suured, maitsvad, kergelt hapukad. Meelitab ligi kasulikke putukaid. Vastupidav lehti kahjustavatele seenhaigustele. V\u00e4hen\u00f5udlik. Suurep\u00e4rane sobib haljastuseks.<\/p>","protected":false},"excerpt":{"rendered":"<p>Punane s\u00f5star<br \/>\u2191 1,5m <br \/>\u2194 1,5m <br \/>\u25d1\u3007 <br \/>\ua564 mai <br \/>&#8212; 29\u00b0C (5 tsoon)<\/p>","protected":false},"featured_media":958,"template":"","meta":[],"product_brand":[],"product_cat":[100],"product_tag":[],"class_list":{"0":"post-957","1":"product","2":"type-product","3":"status-publish","4":"has-post-thumbnail","6":"product_cat-soster","7":"pa_suurus-1m","9":"first","10":"instock","11":"shipping-taxable","12":"purchasable","13":"product-type-variable","14":"has-default-attributes"},"jetpack_sharing_enabled":true,"_links":{"self":[{"href":"https:\/\/mustveepuukool.ee\/et\/wp-json\/wp\/v2\/product\/957","targetHints":{"allow":["GET"]}}],"collection":[{"href":"https:\/\/mustveepuukool.ee\/et\/wp-json\/wp\/v2\/product"}],"about":[{"href":"https:\/\/mustveepuukool.ee\/et\/wp-json\/wp\/v2\/types\/product"}],"version-history":[{"count":2,"href":"https:\/\/mustveepuukool.ee\/et\/wp-json\/wp\/v2\/product\/957\/revisions"}],"predecessor-version":[{"id":7201,"href":"https:\/\/mustveepuukool.ee\/et\/wp-json\/wp\/v2\/product\/957\/revisions\/7201"}],"wp:featuredmedia":[{"embeddable":true,"href":"https:\/\/mustveepuukool.ee\/et\/wp-json\/wp\/v2\/media\/958"}],"wp:attachment":[{"href":"https:\/\/mustveepuukool.ee\/et\/wp-json\/wp\/v2\/media?parent=957"}],"wp:term":[{"taxonomy":"product_brand","embeddable":true,"href":"https:\/\/mustveepuukool.ee\/et\/wp-json\/wp\/v2\/product_brand?post=957"},{"taxonomy":"product_cat","embeddable":true,"href":"https:\/\/mustveepuukool.ee\/et\/wp-json\/wp\/v2\/product_cat?post=957"},{"taxonomy":"product_tag","embeddable":true,"href":"https:\/\/mustveepuukool.ee\/et\/wp-json\/wp\/v2\/product_tag?post=957"}],"curies":[{"name":"wp","href":"https:\/\/api.w.org\/{rel}","templated":true}]}}