{"id":959,"date":"2024-01-31T10:43:22","date_gmt":"2024-01-31T10:43:22","guid":{"rendered":"https:\/\/mustveepuukool.ee\/?post_type=product&#038;p=959"},"modified":"2026-01-27T08:36:50","modified_gmt":"2026-01-27T08:36:50","slug":"ribes-uva-crispa-krasnoslavyanskii","status":"publish","type":"product","link":"https:\/\/mustveepuukool.ee\/et\/shop\/taimed\/viljapuud-ja-marjad\/karusmari\/ribes-uva-crispa-krasnoslavyanskii\/","title":{"rendered":"Ribes uva-crispa  &#8216;Krasnoslavyanskii&#8217;"},"content":{"rendered":"<p>P\u00f5\u00f5sas on keskmise suurusega, v\u00f5rdlemisi p\u00fcstise kasvulaadiga. Ogad tiheda asetusega, keskmise suuruse ja tugevusega, teravad. Sort on keskvalmiv, \u00fcsna talvekindel, tagasihoidliku saagikusega. Viljad on suured (keskmine mass 5,5\u20139 g).<\/p>","protected":false},"excerpt":{"rendered":"<p>Karusmari<\/p>","protected":false},"featured_media":960,"template":"","meta":[],"product_brand":[],"product_cat":[101],"product_tag":[],"class_list":{"0":"post-959","1":"product","2":"type-product","3":"status-publish","4":"has-post-thumbnail","6":"product_cat-karusmari","8":"first","9":"outofstock","10":"shipping-taxable","11":"purchasable","12":"product-type-simple"},"jetpack_sharing_enabled":true,"_links":{"self":[{"href":"https:\/\/mustveepuukool.ee\/et\/wp-json\/wp\/v2\/product\/959","targetHints":{"allow":["GET"]}}],"collection":[{"href":"https:\/\/mustveepuukool.ee\/et\/wp-json\/wp\/v2\/product"}],"about":[{"href":"https:\/\/mustveepuukool.ee\/et\/wp-json\/wp\/v2\/types\/product"}],"version-history":[{"count":1,"href":"https:\/\/mustveepuukool.ee\/et\/wp-json\/wp\/v2\/product\/959\/revisions"}],"predecessor-version":[{"id":2929,"href":"https:\/\/mustveepuukool.ee\/et\/wp-json\/wp\/v2\/product\/959\/revisions\/2929"}],"wp:featuredmedia":[{"embeddable":true,"href":"https:\/\/mustveepuukool.ee\/et\/wp-json\/wp\/v2\/media\/960"}],"wp:attachment":[{"href":"https:\/\/mustveepuukool.ee\/et\/wp-json\/wp\/v2\/media?parent=959"}],"wp:term":[{"taxonomy":"product_brand","embeddable":true,"href":"https:\/\/mustveepuukool.ee\/et\/wp-json\/wp\/v2\/product_brand?post=959"},{"taxonomy":"product_cat","embeddable":true,"href":"https:\/\/mustveepuukool.ee\/et\/wp-json\/wp\/v2\/product_cat?post=959"},{"taxonomy":"product_tag","embeddable":true,"href":"https:\/\/mustveepuukool.ee\/et\/wp-json\/wp\/v2\/product_tag?post=959"}],"curies":[{"name":"wp","href":"https:\/\/api.w.org\/{rel}","templated":true}]}}