{"id":967,"date":"2024-01-31T10:57:44","date_gmt":"2024-01-31T10:57:44","guid":{"rendered":"https:\/\/mustveepuukool.ee\/?post_type=product&#038;p=967"},"modified":"2026-04-30T16:31:24","modified_gmt":"2026-04-30T16:31:24","slug":"vitis-vinifera-supaga","status":"publish","type":"product","link":"https:\/\/mustveepuukool.ee\/et\/shop\/taimed\/viljapuud-ja-marjad\/viinamari\/vitis-vinifera-supaga\/","title":{"rendered":"Vitis vinifera &#8216;Supaga&#8217;"},"content":{"rendered":"<p>Viljad v\u00e4rvuselt on kollakasrohelised, kaetud v\u00e4hese tuhmi kirmega. V\u00e4\u00e4rtuseks hiline kevadine areng, mis v\u00e4hendab \u00f6\u00f6k\u00fclmade kahjustuse ohtu. Sobilik veini- ja lauamarjana kasvatamiseks. Kasvatamis soovitus on k\u00fctteta kasvuhoones, avamaal kasvatamisel ei pruugi marjad valmida ja j\u00e4\u00e4vad hapuks.<\/p>","protected":false},"excerpt":{"rendered":"<p>Viinapuu\u00a0<\/p>","protected":false},"featured_media":968,"template":"","meta":[],"product_brand":[],"product_cat":[106],"product_tag":[],"class_list":{"0":"post-967","1":"product","2":"type-product","3":"status-publish","4":"has-post-thumbnail","6":"product_cat-viinamari","7":"pa_suurus-3l-pott","9":"first","10":"instock","11":"shipping-taxable","12":"purchasable","13":"product-type-variable","14":"has-default-attributes"},"jetpack_sharing_enabled":true,"_links":{"self":[{"href":"https:\/\/mustveepuukool.ee\/et\/wp-json\/wp\/v2\/product\/967","targetHints":{"allow":["GET"]}}],"collection":[{"href":"https:\/\/mustveepuukool.ee\/et\/wp-json\/wp\/v2\/product"}],"about":[{"href":"https:\/\/mustveepuukool.ee\/et\/wp-json\/wp\/v2\/types\/product"}],"version-history":[{"count":1,"href":"https:\/\/mustveepuukool.ee\/et\/wp-json\/wp\/v2\/product\/967\/revisions"}],"predecessor-version":[{"id":2927,"href":"https:\/\/mustveepuukool.ee\/et\/wp-json\/wp\/v2\/product\/967\/revisions\/2927"}],"wp:featuredmedia":[{"embeddable":true,"href":"https:\/\/mustveepuukool.ee\/et\/wp-json\/wp\/v2\/media\/968"}],"wp:attachment":[{"href":"https:\/\/mustveepuukool.ee\/et\/wp-json\/wp\/v2\/media?parent=967"}],"wp:term":[{"taxonomy":"product_brand","embeddable":true,"href":"https:\/\/mustveepuukool.ee\/et\/wp-json\/wp\/v2\/product_brand?post=967"},{"taxonomy":"product_cat","embeddable":true,"href":"https:\/\/mustveepuukool.ee\/et\/wp-json\/wp\/v2\/product_cat?post=967"},{"taxonomy":"product_tag","embeddable":true,"href":"https:\/\/mustveepuukool.ee\/et\/wp-json\/wp\/v2\/product_tag?post=967"}],"curies":[{"name":"wp","href":"https:\/\/api.w.org\/{rel}","templated":true}]}}