{"id":969,"date":"2024-01-31T11:00:24","date_gmt":"2024-01-31T11:00:24","guid":{"rendered":"https:\/\/mustveepuukool.ee\/?post_type=product&#038;p=969"},"modified":"2026-04-30T16:33:13","modified_gmt":"2026-04-30T16:33:13","slug":"vitis-vinifera-jadviga","status":"publish","type":"product","link":"https:\/\/mustveepuukool.ee\/et\/shop\/taimed\/viljapuud-ja-marjad\/viinamari\/vitis-vinifera-jadviga\/","title":{"rendered":"Vitis vinifera &#8216;Jadviga&#8217;"},"content":{"rendered":"<p>Marjad 3 kuni 4 g, tarjad enamasti umbes 200 g. M\u00f5nusa v\u00fcrtsiga magus varane lauaviinamari. V\u00f5rsed korgistuvad varakult ja h\u00e4sti, viljaokstele v\u00f5ib j\u00e4tta ka vaid 3 kuni 5 punga.<\/p>","protected":false},"excerpt":{"rendered":"<p>Viinapuu<\/p>","protected":false},"featured_media":970,"template":"","meta":[],"product_brand":[],"product_cat":[106],"product_tag":[],"class_list":{"0":"post-969","1":"product","2":"type-product","3":"status-publish","4":"has-post-thumbnail","6":"product_cat-viinamari","7":"pa_suurus-3l-pott","9":"first","10":"instock","11":"shipping-taxable","12":"purchasable","13":"product-type-variable","14":"has-default-attributes"},"jetpack_sharing_enabled":true,"_links":{"self":[{"href":"https:\/\/mustveepuukool.ee\/et\/wp-json\/wp\/v2\/product\/969","targetHints":{"allow":["GET"]}}],"collection":[{"href":"https:\/\/mustveepuukool.ee\/et\/wp-json\/wp\/v2\/product"}],"about":[{"href":"https:\/\/mustveepuukool.ee\/et\/wp-json\/wp\/v2\/types\/product"}],"version-history":[{"count":1,"href":"https:\/\/mustveepuukool.ee\/et\/wp-json\/wp\/v2\/product\/969\/revisions"}],"predecessor-version":[{"id":2926,"href":"https:\/\/mustveepuukool.ee\/et\/wp-json\/wp\/v2\/product\/969\/revisions\/2926"}],"wp:featuredmedia":[{"embeddable":true,"href":"https:\/\/mustveepuukool.ee\/et\/wp-json\/wp\/v2\/media\/970"}],"wp:attachment":[{"href":"https:\/\/mustveepuukool.ee\/et\/wp-json\/wp\/v2\/media?parent=969"}],"wp:term":[{"taxonomy":"product_brand","embeddable":true,"href":"https:\/\/mustveepuukool.ee\/et\/wp-json\/wp\/v2\/product_brand?post=969"},{"taxonomy":"product_cat","embeddable":true,"href":"https:\/\/mustveepuukool.ee\/et\/wp-json\/wp\/v2\/product_cat?post=969"},{"taxonomy":"product_tag","embeddable":true,"href":"https:\/\/mustveepuukool.ee\/et\/wp-json\/wp\/v2\/product_tag?post=969"}],"curies":[{"name":"wp","href":"https:\/\/api.w.org\/{rel}","templated":true}]}}