{"id":975,"date":"2024-01-31T12:15:16","date_gmt":"2024-01-31T12:15:16","guid":{"rendered":"https:\/\/mustveepuukool.ee\/?post_type=product&#038;p=975"},"modified":"2026-04-12T09:42:38","modified_gmt":"2026-04-12T09:42:38","slug":"aronia-prunifolia-viking","status":"publish","type":"product","link":"https:\/\/mustveepuukool.ee\/et\/shop\/taimed\/viljapuud-ja-marjad\/aroonia\/aronia-prunifolia-viking\/","title":{"rendered":"Aronia prunifolia  &#8216;Viking&#8217;"},"content":{"rendered":"<p>Valged kobar\u00f5ied, viljad suured mustad s\u00f6\u00f6davad viljad, aretatud viljap\u00f5\u00f5saks. Tumeroheliste l\u00e4ikivate lehtedega k\u00f5rge p\u00f5\u00f5sas. Tumerohelised lehed muutuvad s\u00fcgisel lillakaspunaseks.<\/p>","protected":false},"excerpt":{"rendered":"<p>Tume aroonia<br \/>\u2191 2-2,5 m <br \/>\u2194 2-2,5 m <br \/>\u25d1\u3007 <br \/>\ua564 mai-juuni <br \/>&#8212; 29\u00b0C (5 tsoon)<\/p>","protected":false},"featured_media":977,"template":"","meta":[],"product_brand":[],"product_cat":[91],"product_tag":[],"class_list":{"0":"post-975","1":"product","2":"type-product","3":"status-publish","4":"has-post-thumbnail","6":"product_cat-aroonia","7":"pa_suurus-1m","9":"first","10":"instock","11":"shipping-taxable","12":"purchasable","13":"product-type-variable","14":"has-default-attributes"},"jetpack_sharing_enabled":true,"_links":{"self":[{"href":"https:\/\/mustveepuukool.ee\/et\/wp-json\/wp\/v2\/product\/975","targetHints":{"allow":["GET"]}}],"collection":[{"href":"https:\/\/mustveepuukool.ee\/et\/wp-json\/wp\/v2\/product"}],"about":[{"href":"https:\/\/mustveepuukool.ee\/et\/wp-json\/wp\/v2\/types\/product"}],"version-history":[{"count":2,"href":"https:\/\/mustveepuukool.ee\/et\/wp-json\/wp\/v2\/product\/975\/revisions"}],"predecessor-version":[{"id":5172,"href":"https:\/\/mustveepuukool.ee\/et\/wp-json\/wp\/v2\/product\/975\/revisions\/5172"}],"wp:featuredmedia":[{"embeddable":true,"href":"https:\/\/mustveepuukool.ee\/et\/wp-json\/wp\/v2\/media\/977"}],"wp:attachment":[{"href":"https:\/\/mustveepuukool.ee\/et\/wp-json\/wp\/v2\/media?parent=975"}],"wp:term":[{"taxonomy":"product_brand","embeddable":true,"href":"https:\/\/mustveepuukool.ee\/et\/wp-json\/wp\/v2\/product_brand?post=975"},{"taxonomy":"product_cat","embeddable":true,"href":"https:\/\/mustveepuukool.ee\/et\/wp-json\/wp\/v2\/product_cat?post=975"},{"taxonomy":"product_tag","embeddable":true,"href":"https:\/\/mustveepuukool.ee\/et\/wp-json\/wp\/v2\/product_tag?post=975"}],"curies":[{"name":"wp","href":"https:\/\/api.w.org\/{rel}","templated":true}]}}