{"id":980,"date":"2024-01-31T12:24:26","date_gmt":"2024-01-31T12:24:26","guid":{"rendered":"https:\/\/mustveepuukool.ee\/?post_type=product&#038;p=980"},"modified":"2026-05-05T12:18:08","modified_gmt":"2026-05-05T12:18:08","slug":"sorbus-burka","status":"publish","type":"product","link":"https:\/\/mustveepuukool.ee\/et\/shop\/taimed\/viljapuud-ja-marjad\/pihlakas\/sorbus-burka\/","title":{"rendered":"Sorbus &#8216;Burka&#8217;"},"content":{"rendered":"<p>H\u00fcbriid. P\u00fcstine p\u00f5\u00f5sas. Viljad tumepunased kuni lillakaspunased, keskmine vilja mass 0,8 g. Sobib t\u00f6\u00f6tlemiseks. Ilus oran\u017eikas-kollane s\u00fcgisv\u00e4rvus.<\/p>","protected":false},"excerpt":{"rendered":"<p>Kultuurpihlakas<br \/>\u21912-3 m <br \/>\u21942-3 m <br \/>\u25d1\u3007 <br \/>\ua564 mai <br \/>-29\u00b0C (5 tsoon)<\/p>","protected":false},"featured_media":981,"template":"","meta":[],"product_brand":[],"product_cat":[97],"product_tag":[],"class_list":{"0":"post-980","1":"product","2":"type-product","3":"status-publish","4":"has-post-thumbnail","6":"product_cat-pihlakas","7":"pa_suurus-7l-pott","8":"pa_suurus-7l-pott-150-200cm-korgus","10":"first","11":"instock","12":"shipping-taxable","13":"purchasable","14":"product-type-variable","15":"has-default-attributes"},"jetpack_sharing_enabled":true,"_links":{"self":[{"href":"https:\/\/mustveepuukool.ee\/et\/wp-json\/wp\/v2\/product\/980","targetHints":{"allow":["GET"]}}],"collection":[{"href":"https:\/\/mustveepuukool.ee\/et\/wp-json\/wp\/v2\/product"}],"about":[{"href":"https:\/\/mustveepuukool.ee\/et\/wp-json\/wp\/v2\/types\/product"}],"version-history":[{"count":1,"href":"https:\/\/mustveepuukool.ee\/et\/wp-json\/wp\/v2\/product\/980\/revisions"}],"predecessor-version":[{"id":5124,"href":"https:\/\/mustveepuukool.ee\/et\/wp-json\/wp\/v2\/product\/980\/revisions\/5124"}],"wp:featuredmedia":[{"embeddable":true,"href":"https:\/\/mustveepuukool.ee\/et\/wp-json\/wp\/v2\/media\/981"}],"wp:attachment":[{"href":"https:\/\/mustveepuukool.ee\/et\/wp-json\/wp\/v2\/media?parent=980"}],"wp:term":[{"taxonomy":"product_brand","embeddable":true,"href":"https:\/\/mustveepuukool.ee\/et\/wp-json\/wp\/v2\/product_brand?post=980"},{"taxonomy":"product_cat","embeddable":true,"href":"https:\/\/mustveepuukool.ee\/et\/wp-json\/wp\/v2\/product_cat?post=980"},{"taxonomy":"product_tag","embeddable":true,"href":"https:\/\/mustveepuukool.ee\/et\/wp-json\/wp\/v2\/product_tag?post=980"}],"curies":[{"name":"wp","href":"https:\/\/api.w.org\/{rel}","templated":true}]}}