{"id":993,"date":"2024-01-31T18:42:18","date_gmt":"2024-01-31T18:42:18","guid":{"rendered":"https:\/\/mustveepuukool.ee\/?post_type=product&#038;p=993"},"modified":"2026-04-10T08:57:11","modified_gmt":"2026-04-10T08:57:11","slug":"malus-domestica-auksis","status":"publish","type":"product","link":"https:\/\/mustveepuukool.ee\/et\/shop\/taimed\/viljapuud-ja-marjad\/ounapuud\/malus-domestica-auksis\/","title":{"rendered":"Malus domestica &#8216;Auksis&#8217;"},"content":{"rendered":"<p>S\u00fcgis\u00f5un. Leedu p\u00e4ritolu, 'S\u00fcgisjoonik' ja 'Liivi Kuldnerenett'. Viljad rohekaskollased punasep\u00f5selised, suured ja keskmised, heamaiseline, mahlased, aromaatse maitsega. Isetolmeja. Hakkab vilja kandma varakult. Dekoratiivne l\u00e4bi hooaja. V\u00e4hen\u00f5udlik.<\/p>","protected":false},"excerpt":{"rendered":"<p>\u00d5unapuu<\/p>","protected":false},"featured_media":995,"template":"","meta":[],"product_brand":[],"product_cat":[92],"product_tag":[],"class_list":{"0":"post-993","1":"product","2":"type-product","3":"status-publish","4":"has-post-thumbnail","6":"product_cat-ounapuud","7":"pa_suurus-7l-pott-15m-suurus","9":"first","10":"instock","11":"shipping-taxable","12":"purchasable","13":"product-type-variable","14":"has-default-attributes"},"jetpack_sharing_enabled":true,"_links":{"self":[{"href":"https:\/\/mustveepuukool.ee\/et\/wp-json\/wp\/v2\/product\/993","targetHints":{"allow":["GET"]}}],"collection":[{"href":"https:\/\/mustveepuukool.ee\/et\/wp-json\/wp\/v2\/product"}],"about":[{"href":"https:\/\/mustveepuukool.ee\/et\/wp-json\/wp\/v2\/types\/product"}],"version-history":[{"count":2,"href":"https:\/\/mustveepuukool.ee\/et\/wp-json\/wp\/v2\/product\/993\/revisions"}],"predecessor-version":[{"id":8199,"href":"https:\/\/mustveepuukool.ee\/et\/wp-json\/wp\/v2\/product\/993\/revisions\/8199"}],"wp:featuredmedia":[{"embeddable":true,"href":"https:\/\/mustveepuukool.ee\/et\/wp-json\/wp\/v2\/media\/995"}],"wp:attachment":[{"href":"https:\/\/mustveepuukool.ee\/et\/wp-json\/wp\/v2\/media?parent=993"}],"wp:term":[{"taxonomy":"product_brand","embeddable":true,"href":"https:\/\/mustveepuukool.ee\/et\/wp-json\/wp\/v2\/product_brand?post=993"},{"taxonomy":"product_cat","embeddable":true,"href":"https:\/\/mustveepuukool.ee\/et\/wp-json\/wp\/v2\/product_cat?post=993"},{"taxonomy":"product_tag","embeddable":true,"href":"https:\/\/mustveepuukool.ee\/et\/wp-json\/wp\/v2\/product_tag?post=993"}],"curies":[{"name":"wp","href":"https:\/\/api.w.org\/{rel}","templated":true}]}}