{"id":996,"date":"2024-01-31T18:50:41","date_gmt":"2024-01-31T18:50:41","guid":{"rendered":"https:\/\/mustveepuukool.ee\/?post_type=product&#038;p=996"},"modified":"2026-04-05T11:54:37","modified_gmt":"2026-04-05T11:54:37","slug":"malus-domestica-valge-klaar","status":"publish","type":"product","link":"https:\/\/mustveepuukool.ee\/et\/shop\/taimed\/viljapuud-ja-marjad\/ounapuud\/malus-domestica-valge-klaar\/","title":{"rendered":"Malus domestica &#8216;Valge Klaar&#8217;"},"content":{"rendered":"<p>Varasuvi\u00f5un vana L\u00e4ti p\u00e4ritolu. \u00d5unad s\u00f6\u00f6misk\u00fcpsed juuli l\u00f5pus \u2013 augustis. Viljad kollakasvalged, suuremapoolsed, magusad, maitsev, v\u00e4ga mahlased, aromaatse maitsega. Isetolmeja.  Varaviljuv. Dekoratiivne l\u00e4bi hooaja. V\u00e4hen\u00f5udlik. Enim m\u00fc\u00fcdav sort.<\/p>","protected":false},"excerpt":{"rendered":"<p>\u00d5unapuu<\/p>","protected":false},"featured_media":997,"template":"","meta":[],"product_brand":[],"product_cat":[92],"product_tag":[],"class_list":{"0":"post-996","1":"product","2":"type-product","3":"status-publish","4":"has-post-thumbnail","6":"product_cat-ounapuud","7":"pa_suurus-7l-pott-15m-suurus","9":"first","10":"instock","11":"shipping-taxable","12":"purchasable","13":"product-type-variable","14":"has-default-attributes"},"jetpack_sharing_enabled":true,"_links":{"self":[{"href":"https:\/\/mustveepuukool.ee\/et\/wp-json\/wp\/v2\/product\/996","targetHints":{"allow":["GET"]}}],"collection":[{"href":"https:\/\/mustveepuukool.ee\/et\/wp-json\/wp\/v2\/product"}],"about":[{"href":"https:\/\/mustveepuukool.ee\/et\/wp-json\/wp\/v2\/types\/product"}],"version-history":[{"count":2,"href":"https:\/\/mustveepuukool.ee\/et\/wp-json\/wp\/v2\/product\/996\/revisions"}],"predecessor-version":[{"id":8207,"href":"https:\/\/mustveepuukool.ee\/et\/wp-json\/wp\/v2\/product\/996\/revisions\/8207"}],"wp:featuredmedia":[{"embeddable":true,"href":"https:\/\/mustveepuukool.ee\/et\/wp-json\/wp\/v2\/media\/997"}],"wp:attachment":[{"href":"https:\/\/mustveepuukool.ee\/et\/wp-json\/wp\/v2\/media?parent=996"}],"wp:term":[{"taxonomy":"product_brand","embeddable":true,"href":"https:\/\/mustveepuukool.ee\/et\/wp-json\/wp\/v2\/product_brand?post=996"},{"taxonomy":"product_cat","embeddable":true,"href":"https:\/\/mustveepuukool.ee\/et\/wp-json\/wp\/v2\/product_cat?post=996"},{"taxonomy":"product_tag","embeddable":true,"href":"https:\/\/mustveepuukool.ee\/et\/wp-json\/wp\/v2\/product_tag?post=996"}],"curies":[{"name":"wp","href":"https:\/\/api.w.org\/{rel}","templated":true}]}}